{"id":4253,"date":"2021-12-15T12:18:33","date_gmt":"2021-12-15T11:18:33","guid":{"rendered":"https:\/\/cotoroig.cat\/terminos-y-condiciones-de-uso\/"},"modified":"2023-10-27T13:05:12","modified_gmt":"2023-10-27T11:05:12","slug":"terminos-y-condiciones-de-uso","status":"publish","type":"page","link":"https:\/\/cotoroig.cat\/es\/terminos-y-condiciones-de-uso\/","title":{"rendered":"T\u00e9rminos y condiciones de uso"},"content":{"rendered":"<h2>CONDICIONES DE CONTRATACION<\/h2>\n<p>Te invitamos a conocer toda la informaci\u00f3n necesaria respecto a las transacciones electr\u00f3nicas que realices en esta web.<\/p>\n<p>\u00c0ngels Perramon apuesta por la transparencia y claridad en las transacciones comerciales que se realicen en este portal garantizando un espacio comprometido con los derechos de usuarios y \u00a0clientes, por eso te recomendamos que antes de contratar cualquiera de los productos que ponemos a tu disposici\u00f3n en esta web, leas las presentes condiciones y los t\u00e9rminos que se aplican a la prestaci\u00f3n de los servicios que ofrece Cot\u00f3 Roig propios de su actividad principal de venta de tejidos y prendas.<\/p>\n<p>Las presentes condiciones de contrataci\u00f3n rigen la relaci\u00f3n entre \u00c0ngels Perramon \u00a0y los clientes del sitio Cot\u00f3 Roig<\/p>\n<p>\u00c0ngels Perramon se reserva el derecho a modificar o cambiar las presentes condiciones en cualquier momento. Si las modificaciones constituyen un cambio sustancial en los t\u00e9rminos, Cot\u00f3 Roig lo notificar\u00e1 publicando un anuncio en nuestro sitio web.<\/p>\n<p>Los servicios y\/o productos est\u00e1n disponibles s\u00f3lo para las personas jur\u00eddicas y las personas que tengan 16 a\u00f1os.<\/p>\n<p>Esta web cumple con las siguientes regulaciones:<\/p>\n<ul>\n<li>La\u00a0<a href=\"https:\/\/www.boe.es\/buscar\/act.php?id=BOE-A-2002-13758\" target=\"_blank\" rel=\"noopener\">Ley 34\/2002, de 11 de julio, de Servicios de la Sociedad de la Informaci\u00f3n y de Comercio Electr\u00f3nico (LSSI-CE)<\/a><\/li>\n<li>el\u00a0<a href=\"https:\/\/www.boe.es\/doue\/2016\/119\/L00001-00088.pdf\" target=\"_blank\" rel=\"noopener\">Reglamento (UE) 2016\/679 del Parlamento Europeo y del Consejo, de 27 de abril de 2016, relativo a la protecci\u00f3n de las personas f\u00edsicas en lo que respecta al tratamiento de datos personales y a la libre circulaci\u00f3n de estos datos<\/a>; y<\/li>\n<li>la\u00a0<a href=\"https:\/\/boe.es\/buscar\/act.php?id=BOE-A-2018-16673\" target=\"_blank\" rel=\"noopener\">Ley Org\u00e1nica 3\/2018, de 5 de diciembre, de Protecci\u00f3n de Datos Personales y garant\u00eda de los derechos digitales<\/a>.<\/li>\n<\/ul>\n<h2><\/h2>\n<h2>IDENTIFICADOR DEL VENDEDOR<\/h2>\n<p>En virtud de lo establecido en la Ley 34\/2002 de Servicios de la Sociedad de La Informaci\u00f3n y del Comercio Electr\u00f3nico (LSSICE), te ofrecemos la siguiente informaci\u00f3n:<\/p>\n<p><strong>Denominaci\u00f3n social<\/strong>: \u00c0ngels Perramon<\/p>\n<p><strong>\u00a0CIF\/NIF<\/strong>: 39360586L<\/p>\n<p><strong>Correo electr\u00f3nico<\/strong>: benvinguts@cotoroig.cat<\/p>\n<p><strong>Domicilio social<\/strong>: C\/ Viladordis 76, baixos &#8211; 08241 Manresa &#8211; Barcelona<\/p>\n<p><strong>Su actividad social es:<\/strong>\u00a0Elaboraci\u00f3n textil y de prendas de ropa.<\/p>\n<p><strong>Finalidad de la p\u00e1gina web:<\/strong>\u00a0Infomraci\u00f3n y venta online<\/p>\n<h2>CARACTER\u00cdSTICAS DE LOS PRODUCTOS OFERTADOS<\/h2>\n<p>Cot\u00f3 Roig ofrece un amplio y variado surtido de productos. Los productos expuestos en Cot\u00f3 Roig son tejidos y prendas.<\/p>\n<h2>C\u00d3MO REALIZAR UN PEDIDO<\/h2>\n<p>Como condici\u00f3n para realizar cualquier pedido, el cliente debe contactar con Cot\u00f3 Roig y proporcionar informaci\u00f3n correspondiente requerida para la adquisici\u00f3n de los productos disponibles en esta web. \u00a0La informaci\u00f3n para realizar el pedido que proporcione debe ser precisa, completa y actualizada en todo momento. El no hacerlo constituye una violaci\u00f3n de los t\u00e9rminos, que pueden resultar en la disoluci\u00f3n del contrato con \u00c0ngels Perramon.<\/p>\n<p>Desde el momento de la aceptaci\u00f3n, el cliente adquiere la condici\u00f3n de Cliente de Cot\u00f3 Roig.<\/p>\n<p>Los pedidos deben realizarse siguiendo los pasos que te ir\u00e1 marcando Cot\u00f3 Roig donde podr\u00e1s elegir el producto y la cantidad de aquello que desees comprar.<\/p>\n<p><strong>Cupones descuento<\/strong><\/p>\n<p>Los cupones o c\u00f3digos de descuento son de uso individual y no acumulables y sujetos a las fechas de validez indicadas. \u00c0ngels Perramon se reserva el derecho de cancelaci\u00f3n de cualquier promoci\u00f3n a clientes individuales o colectivos si se considera que se est\u00e1 haciendo un uso abusivo o inadecuado de los mismos.<\/p>\n<h2>VALIDACI\u00d3N DE COMPRA<\/h2>\n<p>Una vez efectuada la compra y realizado el pago, Cot\u00f3 Roig te remitir\u00e1 por -mail\u00a0<strong>una confirmaci\u00f3n de pedido<\/strong>.<\/p>\n<p>Es el momento de comprobar que todo est\u00e1 correcto. Si no est\u00e1s de acuerdo con los datos consignados en dicha confirmaci\u00f3n podr\u00e1s solicitar la modificaci\u00f3n de los mismos o la anulaci\u00f3n del pedido.<\/p>\n<p>La validaci\u00f3n del pedido por parte del cliente supone expresamente el conocimiento y aceptaci\u00f3n de estas condiciones particulares de contrataci\u00f3n como parte de la celebraci\u00f3n del contrato. Salvo prueba en contrario, los datos registrados por Cot\u00f3 Roig constituyen la prueba del conjunto de transacciones realizadas entre Cot\u00f3 Roig y sus clientes.<\/p>\n<p>En caso de necesitar alguna modificaci\u00f3n o la anulaci\u00f3n, la comunicaci\u00f3n debe realizarse\u00a0<strong>en el plazo de 15 d\u00edas\u00a0<\/strong>desde la confirmaci\u00f3n del pedido, a trav\u00e9s de correo electr\u00f3nico:\u00a0<strong>benvinguts@cotoroig.cat<\/strong>\u00a0y siempre que el pedido no haya sido enviado.<a name=\"_Toc503536446\"><\/a>PRECIOS Y FORMA DE PAGO<\/p>\n<p>El cliente se compromete a abonar los productos contratados a Cot\u00f3 Roig en las formas de pago aceptadas por Cot\u00f3 Roig y por cualquier cantidad complementaria (incluidos los impuestos y cargos por pagos atrasados, seg\u00fan el caso)<\/p>\n<p>Los precios aplicables a cada producto son los indicados en la p\u00e1gina web en la fecha del pedido incluyendo, en su caso, todos ellos el IVA (Impuesto sobre el Valor A\u00f1adido) para transacciones dentro del territorio espa\u00f1ol. No obstante, atendiendo a lo establecido en la Ley 37\/1992, de 28 de diciembre, reguladora de dicho impuesto, la operaci\u00f3n puede resultar exenta o no sujeta al mismo en funci\u00f3n del pa\u00eds de residencia del comprador y de la condici\u00f3n en la que act\u00faa el mismo (empresario\/profesional o particular). En consecuencia, en algunos supuestos el precio final del pedido puede verse alterado respecto al que figura expuesto en la p\u00e1gina web.<\/p>\n<p>Al realizar el pago, Cot\u00f3 Roig redireccionar\u00e1 a la pasarela de pago de Cot\u00f3 Roig.<\/p>\n<p>\u00c0ngels Perramon acepta estas formas de pago:<\/p>\n<ol>\n<li><strong>Por tarjeta de cr\u00e9dito o d\u00e9bito<\/strong><\/li>\n<\/ol>\n<p>Aceptamos tarjetas Visa, MasterCard<\/p>\n<p>Puede realizar el pago de manera inmediata a trav\u00e9s de la pasarela de pago seguro SSL de nuestro Banco. Si fuera necesario realizar cualquier devoluci\u00f3n o cancelaci\u00f3n del pedido, el importe se reembolsar\u00e1 a trav\u00e9s de la misma tarjeta de pago.\u00a0 Los datos tanto personales como bancarios ser\u00e1n protegidos con todas las medidas de seguridad establecidas por\u00a0 la Ley Org\u00e1nica 3\/2018, de 5 de diciembre, de Protecci\u00f3n de Datos Personales y garant\u00eda de los derechos digitales (LOPDGDD) con total confidencialidad.<\/p>\n<ol start=\"2\">\n<li><strong>Bizum y transferencia bancaria.<\/strong><\/li>\n<\/ol>\n<p>Para realizar un pago por bizum debe contactarnos para facilitarle los datos. No est\u00e1 integrado con la tienda onine<\/p>\n<p>No se acepta ning\u00fan otro m\u00e9todo de pago.<\/p>\n<p>El pago siempre es por adelantado del 100% del pedido y ser\u00e1n enviados cuando confirmamos el pago.<\/p>\n<h2><\/h2>\n<h2>VALIDEZ DE LOS PRECIOS Y OFERTAS<\/h2>\n<p>Los productos ofertados en la web, y los precios de \u00e9stos, estar\u00e1n disponibles para su compra mientras se encuentren en el cat\u00e1logo de productos visualizados por medio de la p\u00e1gina web. Se ruega a los clientes que accedan a versiones actualizadas de la p\u00e1gina web para evitar errores en los precios. En todo caso, los pedidos en tramitaci\u00f3n mantendr\u00e1n sus condiciones durante 7 d\u00edas desde el momento de su formalizaci\u00f3n.<\/p>\n<h2>ENV\u00cdOS Y TRANSPORTE<\/h2>\n<p><a name=\"_Toc503536449\"><\/a>Hacemos env\u00edos terrestres en toda Espa\u00f1a<\/p>\n<p>El precio de los env\u00edos puede variar en funci\u00f3n del volumen del pedido pero por regla general s\u00f3n:<\/p>\n<p>Catalu\u00f1a: 6,50\u20ac<br \/>\nBaleares 14,23\u20ac<br \/>\nCanarias: 19,90\u20ac<br \/>\nResto de Espa\u00f1a: 8,5\u20ac<\/p>\n<p><a name=\"_Toc503536451\"><\/a><strong>Plazos<\/strong><strong>\u00a0de entrega:<\/strong><\/p>\n<p>Si el producto se encuentra en stock, el env\u00edo del pedido ser\u00e1 cursado de inmediato a la direcci\u00f3n de entrega indicada por el cliente y\u00a0<strong>entregado en el plazo de 2-10 d\u00edas\u00a0<\/strong>a contar desde el momento de tramitaci\u00f3n del pedido.<\/p>\n<p>Si hubiera cualquier imprevisto en la entrega del pedido nos pondr\u00edamos en contacto a trav\u00e9s de su direcci\u00f3n de correo electr\u00f3nico, que le solicitamos a la hora de hacer el registro en la web, para encontrar una soluci\u00f3n. Alternativamente podr\u00edamos ponernos en contacto por tel\u00e9fono, si lo hubiera facilitado, o directamente intentar una segunda entrega en la direcci\u00f3n facilitada. En caso de no haberse podido contactar ni entregar el producto en la primera ni segunda visita, el cliente ser\u00e1 responsable de contactar con el transportista o con Cot\u00f3 Roig Internet, SL a trav\u00e9s de correo electr\u00f3nico y asumir\u00e1 los costes adicionales que pudieran suponer sucesivas entregas.<\/p>\n<h2><a name=\"_Toc503536453\"><\/a>GARANT\u00cdA<\/h2>\n<p>El tipo de garant\u00eda aplicado a los productos ofertados consiste en el contacto a trav\u00e9s de mail con \u00c0ngels Perramon\u00a0<a href=\"mailto:benvinguts@cotoroig.cat\">benvinguts@cotoroig.cat<\/a>\u00a0y el consiguiente acuerdo con el consumidor.<\/p>\n<h2>\u00a0SISTEMA COM\u00daN DEL IMPUESTO SOBRE EL VALOR A\u00d1ADIDO DE LA UNI\u00d3N EUROPEA<\/h2>\n<p>Atendiendo a lo establecido en la Ley 37\/1992, de 28 de diciembre, reguladora de dicho impuesto y la\u00a0\u00a0 Directiva Europea 2008\/8\/CE, la operaci\u00f3n puede resultar exenta o no sujeta al mismo en funci\u00f3n del pa\u00eds de residencia del comprador y de la condici\u00f3n en la que act\u00faa el mismo (empresario\/profesional o particular). En consecuencia, en algunos supuestos el precio final del pedido puede verse alterado respecto al que figura expuesto en la p\u00e1gina web.<\/p>\n<p>El precio de los productos comercializados por Cot\u00f3 Roig incluye el IVA espa\u00f1ol. Sin embargo, el precio final de tu pedido puede variar dependiendo del tipo impositivo de IVA que se aplique al pedido. Para los pedidos con destino a otros pa\u00edses de la Uni\u00f3n Europea, el IVA espa\u00f1ol ser\u00e1 deducido y se aplicar\u00e1 el tipo impositivo de IVA correspondiente al pa\u00eds de destino. El precio final aparecer\u00e1 durante la confirmaci\u00f3n de tu pedido y reflejar\u00e1 el tipo impositivo de IVA correspondiente al pa\u00eds de destino de los productos.<\/p>\n<p>Los precios de los Servicios pueden cambiar en cualquier momento a discreci\u00f3n \u00fanica y exclusiva de Cot\u00f3 Roig. Los Servicios no brindan protecci\u00f3n de precios o reembolsos en el caso de reducci\u00f3n de precios u ofertas promocionales.<\/p>\n<h2>POL\u00cdTICA DE DEVOLUCIONES<\/h2>\n<p>S\u00f3lo se aceptar\u00e1n cancelaciones y\/o devoluciones en los siguientes t\u00e9rminos.<\/p>\n<ol>\n<li><strong>Cancelaci\u00f3n<\/strong><\/li>\n<\/ol>\n<p>El cliente podr\u00e1 cancelar su pedido y solicitar el reembolso \u00edntegro del importe\u00a0<strong>si \u00e9ste a\u00fan no ha sido enviado<\/strong>. Para ello, deber\u00e1 ponerse en contacto con nosotros lo antes posible desde el formulario de contacto o m\u00e1ndanos un email a benvinguts@cotoroig.cat y facilitarnos sus datos y n\u00famero de pedido.<\/p>\n<ol>\n<li><strong>Devoluci\u00f3n<\/strong><\/li>\n<\/ol>\n<p>En caso de que el producto sea del agrado del cliente o no sea su talla, se podr\u00e1 devolucionar en el estado y embalaje original.<\/p>\n<p>Si el producto llegara en mal estado,\u00a0<strong>\u00c0ngels Perramon \u00a0asumir\u00e1 los gastos de env\u00edo incurridos por la devoluci\u00f3n<\/strong>, siempre y cuando los productos se encuentren en su embalaje original y no hayan sido consumidos total o parcialmente.<\/p>\n<ol>\n<li><strong>Desistimiento<\/strong><\/li>\n<\/ol>\n<p>El derecho de desistimiento no se podr\u00e1 ejercer (salvo por error o defecto en el producto o servicio contratado), en los siguientes supuestos previstos por el art\u00edculo 45 de la Ley de Comercio:<\/p>\n<ul>\n<li>Contratos de suministro de bienes confeccionados conforme a las especificaciones del consumidor o claramente personalizados, o que, por su naturaleza, no puedan ser devueltos o puedan deteriorarse o caducar con rapidez.<\/li>\n<li>Contratos de suministro de grabaciones sonoras o de v\u00eddeo, de discos y de programas inform\u00e1ticos que hubiesen sido desprecintados por el consumidor, as\u00ed como de ficheros inform\u00e1ticos, suministrados por v\u00eda electr\u00f3nica, susceptibles de ser descargados o reproducidos con car\u00e1cter inmediato para su uso permanente.<\/li>\n<li>Y en general todos aquellos productos encargados a distancia que se realicen a nuestra medida: ropa, revelado fotogr\u00e1fico, etc., o que sean susceptibles de copia (libros, m\u00fasica, videojuegos, etc.).<\/li>\n<\/ul>\n<p>El cliente tendr\u00e1 derecho a desistir del contrato durante un periodo de 14 d\u00edas naturales sin indicar el motivo y sin incurrir en ning\u00fan coste distinto de los previstos en los art\u00edculos 107.2 y 108, conforme a lo dispuesto en BOE-A-2014-3329. Para ejercitar dicho derecho se facilita un formulario \u00a0d\u00f3nde se podr\u00e1n cumplimentar los datos necesarios para la gesti\u00f3n del mismo.<\/p>\n<h3><\/h3>\n<h3><strong>C\u00f3mo devolver productos en los casos aceptados:<\/strong><\/h3>\n<p>Para devolver un producto en los casos previstos y aceptados por esta pol\u00edtica de desistimiento, deben seguirse las siguientes instrucciones:<\/p>\n<ul>\n<li>No se aceptar\u00e1n devoluciones a portes debidos.<\/li>\n<li>Debe haber notificado a Cot\u00f3 Roig el deseo de desistir y haber obtenido la autorizaci\u00f3n correspondiente antes de realizar el envi\u00f3.<\/li>\n<li>Debe descargar y completar el formulario de desistimiento que aparece a continuaci\u00f3n y enviarlo junto al paquete.<\/li>\n<\/ul>\n<p>Debe introducir el \/los productos(s) en un paquete debidamente embalado. La direcci\u00f3n de devoluci\u00f3n es: \u00a0C\/ Viladordis 76, baixos \u2013 Manresa (Barcelona).<\/p>\n<ul>\n<li>Debe llevar el paquete (con el impreso adjunto de desistimiento) a una Oficina de Correos o a una empresa de mensajer\u00eda y solicite el comprobante del env\u00edo. Deber\u00e1 conservar el justificante hasta que reciba el reembolso solicitado.<\/li>\n<\/ul>\n<p>Es responsabilidad del cliente conservar todos los acuses de recibo y remitir el paquete por correo certificado o por cualquier otro medio que permita acreditar su fecha de env\u00edo.<\/p>\n<p>En caso de repetidas devoluciones o reclamaciones por mal estado o producto defectuoso por parte de un mismo cliente, Cot\u00f3 Roig se reserva el derecho de no realizar nuevos env\u00edos al cliente.<\/p>\n<p><strong>Los gastos de devoluci\u00f3n ser\u00e1n por cuenta del cliente<\/strong>. Las devoluciones de los importes se realizar\u00e1n en un plazo de 14 (catorce) d\u00edas naturales siguientes a la fecha en la que recibamos el\/los productos(s) devuelto(s) en la direcci\u00f3n especificada.<\/p>\n<p>Cot\u00f3 Roig proceder\u00e1 al reembolso en la forma de pago que el cliente haya empleado al realizar el pedido, y dicho reembolso se encontrar\u00e1 sujeto al derecho de Cot\u00f3 Roig a retener cantidades por los productos devueltos que presenten da\u00f1os. Le reembolsaremos el importe abonado por el\/los productos(s) devuelto(s) menos los gastos de env\u00edo (si procede).<\/p>\n<h2>NORMATIVA EUROPEA DE CONSUMO<\/h2>\n<p>Informamos que la Comisi\u00f3n Europea ha creado la primera plataforma europea para la resoluci\u00f3n de conflictos en el comercio \u201conline\u201d amparada en la \u00faltima ley del consumidor. En este sentido, como responsables de una plataforma de venta online, tenemos el deber de informar a nuestros clientes sobre la existencia de una plataforma online de resoluci\u00f3n alternativa de conflictos.<\/p>\n<p>Para recurrir a la plataforma de resoluci\u00f3n de conflictos, el cliente debe utilizar el siguiente enlace:\u00a0<a href=\"http:\/\/ec.europa.eu\/odr\" target=\"_blank\" rel=\"noopener\"><em>http:\/\/ec.europa.eu\/odr<\/em><\/a><\/p>\n<h2><\/h2>\n<h2>SERVICIO POSTVENTA<\/h2>\n<p>Disponemos de un servicio de postventa para solucionar cualquier problema con nuestros productos o env\u00edos a trav\u00e9s del cual se ofrece la atenci\u00f3n m\u00e1s r\u00e1pida y eficaz a nuestros clientes.<\/p>\n<p>Para contactar con nosotros o plantearnos cualquier duda, cuesti\u00f3n o reclamaci\u00f3n puede utilizar cualquiera de los siguientes medios:<\/p>\n<ul>\n<li>Domicilio postal: Cot\u00f3 Roig &#8211; C\/ Viladordis 76, baixos &#8211; 08241 Manresa &#8211; Barcelona<\/li>\n<li>Tel\u00e9fono:tel:+34685199164<\/li>\n<li>Email:\u00a0benvinguts@cotoroig.cat<\/li>\n<\/ul>\n<h2><\/h2>\n<h2>CONFIDENCIALIDAD<\/h2>\n<p>Tiene car\u00e1cter confidencial toda la informaci\u00f3n y documentaci\u00f3n utilizada durante la contrataci\u00f3n, desarrollo y ejecuci\u00f3n de los servicios que regulan las relaciones entre Cot\u00f3 Roig y el Cliente.<\/p>\n<p>Toda informaci\u00f3n recibida por parte del cliente ya sean im\u00e1genes, correos, textos, datos de acceso como clientes y contrase\u00f1as, se tratar\u00e1 de modo confidencial, estando totalmente prohibida la cesi\u00f3n a terceros.<\/p>\n<p>No se entender\u00e1 informaci\u00f3n confidencial aqu\u00e9lla que sea divulgada por acuerdo entre las Partes, aqu\u00e9lla que se convierta en p\u00fablica por igual motivo o aqu\u00e9lla que haya de ser revelada de acuerdo con las leyes o con una resoluci\u00f3n judicial de autoridad competente y aqu\u00e9lla que sea obtenida por un tercero que no se encuentre bajo la obligaci\u00f3n de confidencialidad alguna. Ambas partes se obligan a cumplir el deber de confidencialidad de manera indefinida.<\/p>\n<h2>LIMITACI\u00d3N DE RESPONSABILIDAD<\/h2>\n<p>Cot\u00f3 Roig se reserva la facultad de efectuar, en cualquier momento y sin necesidad de previo aviso, modificaciones y actualizaciones de la informaci\u00f3n contenida en la web, de la configuraci\u00f3n y presentaci\u00f3n de \u00e9sta, de las condiciones de acceso, condiciones de contrataci\u00f3n, etc. Por lo que el cliente deber\u00e1 acceder a versiones actualizadas de la p\u00e1gina.<\/p>\n<p>El usuario\/cliente es el \u00fanico responsable de mantener la confidencialidad y seguridad de la p\u00e1gina web y para todas las actividades que ocurran en la p\u00e1gina web una vez entregada por parte de Cot\u00f3 Roig. El cliente se compromete a notificar inmediatamente a Cot\u00f3 Roig de cualquier violaci\u00f3n de la seguridad del portal.<\/p>\n<p>Cot\u00f3 Roig no ser\u00e1 responsable de ninguna p\u00e9rdida derivada del uso indebido o no autorizado de su p\u00e1gina web.<\/p>\n<p>El cliente se compromete a mantener indemne Cot\u00f3 Roig de las reclamaciones, p\u00e9rdidas, gastos, da\u00f1os y costos (incluyendo da\u00f1os directos, incidentales, consecuentes, punitivos, ejemplares e indirectos), y los honorarios Razonables de abogados como resultado de cualquier incumplimiento por parte del cliente\/comprador\u00a0 de estas condiciones, sea o no considerado como material o inmaterial;\u00a0 el uso o indebido de los Servicios por su parte\u00a0 o cualquier persona que act\u00fae en tu nombre o utilice su cuenta en Cot\u00f3 Roig o por cualquier violaci\u00f3n material o inmaterial de cualquier derecho, t\u00edtulo o intereses de terceros.<\/p>\n<p>Nuestra \u00fanica responsabilidad, ser\u00e1 suministrar el producto en los t\u00e9rminos y condiciones expresados en la presente pol\u00edtica de contrataci\u00f3n.<\/p>\n<p>Cot\u00f3 Roig no responder\u00e1 de ninguna consecuencia, da\u00f1o o perjuicio que pudieran derivarse del uso indebido de los productos suministrados.<\/p>\n<h2>IDIOMA<\/h2>\n<p>El idioma en que se perfeccionar\u00e1 el contrato entre \u00c0ngels Perramon \u00a0y el Cliente es el catal\u00e1n o el castellano.<\/p>\n<h2>JURISDICCI\u00d3N Y LEYES APLICABLES<\/h2>\n<p>\u00c0ngels Perramon \u00a0y EL CLIENTE, se regir\u00e1n para dirimir cualquier controversia que pudiera derivarse del acceso, o uso de esta p\u00e1gina Web, por la legislaci\u00f3n espa\u00f1ola, y se someten a los Juzgados y Tribunales de la ciudad de Barcelona<\/p>\n\n<p><\/p>\n","protected":false},"excerpt":{"rendered":"<p>CONDICIONES DE CONTRATACION Te invitamos a conocer toda la informaci\u00f3n necesaria respecto a las transacciones electr\u00f3nicas que realices en esta web. \u00c0ngels Perramon apuesta por la transparencia y claridad en las transacciones comerciales que se realicen en este portal garantizando un espacio comprometido con los derechos de usuarios y \u00a0clientes, por eso te recomendamos que [&hellip;]<\/p>\n","protected":false},"author":1,"featured_media":0,"parent":0,"menu_order":0,"comment_status":"closed","ping_status":"closed","template":"","meta":{"site-sidebar-layout":"default","site-content-layout":"","ast-site-content-layout":"default","site-content-style":"default","site-sidebar-style":"default","ast-global-header-display":"","ast-banner-title-visibility":"","ast-main-header-display":"","ast-hfb-above-header-display":"","ast-hfb-below-header-display":"","ast-hfb-mobile-header-display":"","site-post-title":"","ast-breadcrumbs-content":"","ast-featured-img":"","footer-sml-layout":"","ast-disable-related-posts":"","theme-transparent-header-meta":"","adv-header-id-meta":"","stick-header-meta":"","header-above-stick-meta":"","header-main-stick-meta":"","header-below-stick-meta":"","astra-migrate-meta-layouts":"default","ast-page-background-enabled":"default","ast-page-background-meta":{"desktop":{"background-color":"var(--ast-global-color-4)","background-image":"","background-repeat":"repeat","background-position":"center center","background-size":"auto","background-attachment":"scroll","background-type":"","background-media":"","overlay-type":"","overlay-color":"","overlay-opacity":"","overlay-gradient":""},"tablet":{"background-color":"","background-image":"","background-repeat":"repeat","background-position":"center center","background-size":"auto","background-attachment":"scroll","background-type":"","background-media":"","overlay-type":"","overlay-color":"","overlay-opacity":"","overlay-gradient":""},"mobile":{"background-color":"","background-image":"","background-repeat":"repeat","background-position":"center center","background-size":"auto","background-attachment":"scroll","background-type":"","background-media":"","overlay-type":"","overlay-color":"","overlay-opacity":"","overlay-gradient":""}},"ast-content-background-meta":{"desktop":{"background-color":"var(--ast-global-color-5)","background-image":"","background-repeat":"repeat","background-position":"center center","background-size":"auto","background-attachment":"scroll","background-type":"","background-media":"","overlay-type":"","overlay-color":"","overlay-opacity":"","overlay-gradient":""},"tablet":{"background-color":"var(--ast-global-color-5)","background-image":"","background-repeat":"repeat","background-position":"center center","background-size":"auto","background-attachment":"scroll","background-type":"","background-media":"","overlay-type":"","overlay-color":"","overlay-opacity":"","overlay-gradient":""},"mobile":{"background-color":"var(--ast-global-color-5)","background-image":"","background-repeat":"repeat","background-position":"center center","background-size":"auto","background-attachment":"scroll","background-type":"","background-media":"","overlay-type":"","overlay-color":"","overlay-opacity":"","overlay-gradient":""}},"footnotes":""},"class_list":["post-4253","page","type-page","status-publish","hentry"],"jetpack_sharing_enabled":true,"_links":{"self":[{"href":"https:\/\/cotoroig.cat\/es\/wp-json\/wp\/v2\/pages\/4253","targetHints":{"allow":["GET"]}}],"collection":[{"href":"https:\/\/cotoroig.cat\/es\/wp-json\/wp\/v2\/pages"}],"about":[{"href":"https:\/\/cotoroig.cat\/es\/wp-json\/wp\/v2\/types\/page"}],"author":[{"embeddable":true,"href":"https:\/\/cotoroig.cat\/es\/wp-json\/wp\/v2\/users\/1"}],"replies":[{"embeddable":true,"href":"https:\/\/cotoroig.cat\/es\/wp-json\/wp\/v2\/comments?post=4253"}],"version-history":[{"count":2,"href":"https:\/\/cotoroig.cat\/es\/wp-json\/wp\/v2\/pages\/4253\/revisions"}],"predecessor-version":[{"id":6011,"href":"https:\/\/cotoroig.cat\/es\/wp-json\/wp\/v2\/pages\/4253\/revisions\/6011"}],"wp:attachment":[{"href":"https:\/\/cotoroig.cat\/es\/wp-json\/wp\/v2\/media?parent=4253"}],"curies":[{"name":"wp","href":"https:\/\/api.w.org\/{rel}","templated":true}]}}